{"id":4769,"date":"2024-05-08T16:29:00","date_gmt":"2024-05-08T16:29:00","guid":{"rendered":"https:\/\/suicidepreventionhouston.org\/?post_type=product&#038;p=4769"},"modified":"2026-03-21T10:14:48","modified_gmt":"2026-03-21T10:14:48","slug":"sabiduria-frente-a-inteligencia-artificial-simbiosis-o-guerra","status":"publish","type":"product","link":"https:\/\/suicidepreventionhouston.org\/es\/product\/sabiduria-frente-a-inteligencia-artificial-simbiosis-o-guerra\/","title":{"rendered":"Sabiduria frente a Inteligencia Artificial: simbiosis o guerra"},"content":{"rendered":"<p>La escritora Connie Selvaggi, quien es una orgullosa colombiana, viene trabajando en un tema muy interesante, plante\u00e1ndose una pregunta que nos pone a reflexionar: \u00bfC\u00f3mo hacer frente a la aceleraci\u00f3n de la Inteligencia Artificial, IA, en la cuarta revoluci\u00f3n industrial?<\/p>\n<p>Y es aqu\u00ed, donde sus inquietudes se desarrollan y se desglosan en su obra: \u2018Sabidur\u00eda frente a Inteligencia Artificial: simbiosis o guerra\u2019.<\/p>\n<p>Su libro fue expuesto de manera asertiva en la Feria Internacional del Libro de Bogot\u00e1, y lo present\u00f3 de manera exitosa a los asistentes, recibiendo comentarios muy apropiados y aclarando interrogantes para integrar los conocimientos.<\/p>\n<p>Connie Selvaggi, tambi\u00e9n hace referencia a la importancia de la salud mental, teniendo en cuenta que, como seres humanos somos los que desde nuestro cerebro damos las \u00f3rdenes para organizar una idea, una estructura y llevarla a cabo.<\/p>\n<p>Ahora bien, la Inteligencia Artificial se ha convertido en una disciplina cient\u00edfica que se ocupa de crear programas inform\u00e1ticos que ejecutan operaciones comparables a las que realiza la mente humana, como el aprendizaje o el razonamiento l\u00f3gico.<\/p>\n<p>Pero hoy en d\u00eda muchas personas desconocen o no saben realmente sobre este tema y en el libro, la escritora apela al rescate y cultivo de las capacidades innatas, basada en los cambios que la Inteligencia Artificial ofrece, consider\u00e1ndola un mal necesario en la humanidad.<\/p>\n<p>La escritora propone una armon\u00eda entre ambas y no un conflicto, y se pregunta si la IA puede superar a la conciencia-sabidur\u00eda: \u201cEn \u00faltimo t\u00e9rmino es nuestro centro, es decir, nuestra alma, si se quiere, pese a que la respuesta parece obvia\u201d.<\/p>\n<p>\u201cSomos seres tecnol\u00f3gicos desde que nos fue necesario tener extensiones de nuestro cuerpo y mente para poder interactuar con el medio ambiente y, por tanto, para poder sobrevivir como seres sujetos a la tierra y a la intemperie, es decir a la inseguridad y a la incertidumbre. Pero lo que est\u00e1 detr\u00e1s de este desarrollo tecnol\u00f3gico ha sido ese centro, eso que hemos nombrado de tantas formas, pero que reconocemos es nuestra esencia y de donde\u201d, es la opini\u00f3n de la escritora colombiana sobre el uso de las nuevas tecnolog\u00edas en esta era, donde las redes sociales podr\u00edan considerarse como un punto de quiebre de la misma sociedad.<\/p>\n<p>&nbsp;<\/p>\n","protected":false},"excerpt":{"rendered":"<p><strong>Nuevo Libro de Connie Selvaggi<\/strong><\/p>\n","protected":false},"featured_media":4770,"comment_status":"open","ping_status":"closed","template":"","meta":[],"product_brand":[],"product_cat":[298],"product_tag":[],"class_list":{"0":"post-4769","1":"product","2":"type-product","3":"status-publish","4":"has-post-thumbnail","6":"product_cat-uncategorized","7":"post-has-thumbnail","9":"first","10":"instock","11":"taxable","12":"shipping-taxable","13":"purchasable","14":"product-type-simple"},"a3_pvc":{"activated":false,"total_views":0,"today_views":0},"_links":{"self":[{"href":"https:\/\/suicidepreventionhouston.org\/es\/wp-json\/wp\/v2\/product\/4769","targetHints":{"allow":["GET"]}}],"collection":[{"href":"https:\/\/suicidepreventionhouston.org\/es\/wp-json\/wp\/v2\/product"}],"about":[{"href":"https:\/\/suicidepreventionhouston.org\/es\/wp-json\/wp\/v2\/types\/product"}],"replies":[{"embeddable":true,"href":"https:\/\/suicidepreventionhouston.org\/es\/wp-json\/wp\/v2\/comments?post=4769"}],"wp:featuredmedia":[{"embeddable":true,"href":"https:\/\/suicidepreventionhouston.org\/es\/wp-json\/wp\/v2\/media\/4770"}],"wp:attachment":[{"href":"https:\/\/suicidepreventionhouston.org\/es\/wp-json\/wp\/v2\/media?parent=4769"}],"wp:term":[{"taxonomy":"product_brand","embeddable":true,"href":"https:\/\/suicidepreventionhouston.org\/es\/wp-json\/wp\/v2\/product_brand?post=4769"},{"taxonomy":"product_cat","embeddable":true,"href":"https:\/\/suicidepreventionhouston.org\/es\/wp-json\/wp\/v2\/product_cat?post=4769"},{"taxonomy":"product_tag","embeddable":true,"href":"https:\/\/suicidepreventionhouston.org\/es\/wp-json\/wp\/v2\/product_tag?post=4769"}],"curies":[{"name":"wp","href":"https:\/\/api.w.org\/{rel}","templated":true}]}}