{"id":69,"date":"2018-03-19T12:36:33","date_gmt":"2018-03-19T12:36:33","guid":{"rendered":"http:\/\/suicidepreventionhouston.org\/about\/"},"modified":"2018-08-20T18:24:23","modified_gmt":"2018-08-20T18:24:23","slug":"fundacion-prevencion-del-suicidio","status":"publish","type":"page","link":"https:\/\/suicidepreventionhouston.org\/es\/fundacion-prevencion-del-suicidio\/","title":{"rendered":"Quienes Somos"},"content":{"rendered":"<h2>COMO NACE LA FUNDACION?<\/h2>\n<p><a href=\"https:\/\/suicidepreventionhouston.org\/wp-content\/uploads\/2018\/03\/conny1.jpg\"><img loading=\"lazy\" decoding=\"async\" class=\"size-full wp-image-27 alignleft\" src=\"https:\/\/suicidepreventionhouston.org\/wp-content\/uploads\/2018\/03\/conny1.jpg\" alt=\"\" width=\"218\" height=\"242\" \/><\/a>Despues de un intento contra mi vida, Dios me da una segunda oportunidad para cumplir con el plan perfecto que habia dise\u00f1ado para mi. En mi profundo deseo de descubrir para que nac\u00ed, encontr\u00e9 la razon de mi existir, un prop\u00f3sito de vida con un testimonio sencillo y apasionante. Entre dos filosofias de vida abr\u00ed los ojos hacia mi interior y conoc\u00ed el valor de un ser humano maravilloso que vivi\u00f3 en las tinieblas por muchos a\u00f1os, aplicando una filosofia de vida equivocada: <strong>TENER+HACER+SER=DESTRUCCION<\/strong>, creia que mi vida valia de acuerdo a lo que tenia, hacia lo que queria con un ego superior a toda criatura humana.<br \/>\nDe una perdida material nace el deseo de ponerle fin a mi existencia, resultando en un milagroso dia que cambi\u00f3 el rumbo de la historia para siempre.<\/p>\n<p>Durante el proceso de recuperacion cambi\u00e9 la filosofia de vida Tener+hacer+ser por: <strong>SER+HACER+TENER=AMOR<\/strong>, encontr\u00e9 en mi nueva filosofia que el sentido por la vida son los seres humanos y la naturaleza. La felicidad la encontr\u00e9 dentro de mi ser y la activ\u00e9 con el poder de la mente y el pensamiento, basada en la fe y la compassion por los dem\u00e1s creando un ambiente de cooperacion con el Universo, hechura de Dios. Entend\u00ed que el universo es nuestro. Igual que las plantas y los animales se engalanan y se empoderan en la naturaleza cumpliendo con sus funsiones, el hombre con el privilegio del razonamiento merece despertar conciencia para que descubra el potencial que lleva dentro. Me apasion\u00e9 con la realidad que es ver lo importante y lo necesarios que somos los seres humanos con cada proposito de vida para la evolusion del planeta. Y de alli nace la profunda gratitud de estar viva que amerita abrir una fundacion para que juntos sirvamos como instrumentos de prevecion a la fallida idea de quitarse la vida.<\/p>\n<p><em>Connie Selvaggi<\/em><\/p>\n<hr \/>\n<h2>Como Funciona la Fundaci\u00f3n?<\/h2>\n<p>Todos los miembros y representantes asignados se re\u00fanen mensualmente para trabajar en la planificaci\u00f3n de estrategias y actividades enfocadas en las giras de conferencias de motivacion personal, retiros espirituales y testimonios impactantes, para fomentar los valores humanos, desarrollar el liderazgo y asi expandir la semilla del amor, la fe y la esperanza a partir del entorno social, que se basa en los cambios relevantes que puede hacer la sociedad y su entorno por medio de la actitud positiva para prevenci\u00f3n del suicidio.<\/p>\n<p>La fundacion cuenta adem\u00e1s, con un equipo de profesionales especialistas en el campo del empoderameinto humano, encargados de desarrollar las metas conforme al Plan Estrat\u00e9gico. Anualmente, los miembros de la fundacion y la Asamblea Legislativa dar\u00e1 un informe de progresos y logros.<\/p>\n<hr \/>\n<h2>Plan Estrat\u00e9gico<\/h2>\n<p>El equipo de Prevenci\u00f3n del Suicidio promover\u00e1 la implantaci\u00f3n de las gu\u00edas y protocolos en prevenci\u00f3n del suicidio en todos los lugares p\u00fablicos y paises que sean asignados para llevar los mensajes de empoderamiento humano.<\/p>\n<p>\u2022 Se crear\u00e1n conferencias con actividades variadas para enfrentar retos a dejar los miedos y sentirse importante interactuado con el medio que le rodea.<\/p>\n<p>\u2022 Se promover\u00e1n campa\u00f1as de educaci\u00f3n y sensibilizaci\u00f3n referente a la importancia de fortalecer nuestro espiritu, tendr\u00e1 programas de prevenci\u00f3n de suicidio en los medios de comunicaci\u00f3n.<\/p>\n<p>\u2022 Propondr\u00e1 la creaci\u00f3n de una junta administrativa para que todos los profesionales de diferentes areas en salud que quieran cooperar sean bienvenidos.<\/p>\n<p>\u2022 Desarrollar\u00e1 y coordinar\u00e1 la implantaci\u00f3n de seminarios y retiros espirituales con expertos, psicologos, psiquiatras, pastores y medicos en general.<\/p>\n<p>\u2022 Habr\u00e1 invitados con testimonios de empoderamiento, servir\u00e1n de inspiracion para un cambio en en las diferentes areas de la vida de un ser humano.<\/p>\n<p>\u2022 En el futuro desarrollar\u00e1 y coordinar\u00e1 con Universidades la colaboraci\u00f3n para impulsar la investigaci\u00f3n y la formaci\u00f3n de los profesionales en el \u00e1rea de prevenci\u00f3n de suicidio.<\/p>\n<div class=\"ctsc-accordion  ctsc-accordion-boxed ctsc-accordion-open\"><h4 class=\"ctsc-accordion-title\">Misi\u00f3n<\/h4><div class=\"ctsc-accordion-content\">\n<p>Promover el desarrollo de ideas y estrategias para la prevencion del suicidio. Adoptar un equipo de profesionales de ayuda, haciendo enfasis en el desarrollo de programas integrados y la concientizacion de la poblacion multifactorial respecto a la magnitude y seriedad del suicidio alrededor del mundo.<\/p>\n<\/div><\/div>\n<div class=\"ctsc-accordion  ctsc-accordion-boxed\"><h4 class=\"ctsc-accordion-title\">Visi\u00f3n<\/h4><div class=\"ctsc-accordion-content\" style=\"display:none;\">\n<p>Globalizar un plan de accion que permita el manejo apropiado de la mente humana, a traves de tres herramientas biologicas:\u00a0 Memoria -Nuestro disco duro- biologico,\u00a0 Pensamiento-funsion mental necesaria para organizar ideas y atraer energia positiva o negative, Voluntad-nuestra decision.<br \/>\nCon la creacion de un protocolo implementado por un equipo de expertos\u00a0 comprometidos con este problema social y de salud publica, capaces de elevar el nivel de conciencia para reinventarnos \u00a0en forma positiva y de esta forma prevenir el flagelo del suicidio.<\/p>\n<\/div><\/div>\n<div class=\"ctsc-accordion  ctsc-accordion-boxed\"><h4 class=\"ctsc-accordion-title\">Objetivos<\/h4><div class=\"ctsc-accordion-content\" style=\"display:none;\">\n<p>Descubrir el valor del ser humano, despertar conciencia para cuidar nuestro paraiso terrenal, minimizar el ego.<\/p>\n<\/div><\/div>\n<div class=\"ctsc-accordion  ctsc-accordion-boxed\"><h4 class=\"ctsc-accordion-title\">Metas<\/h4><div class=\"ctsc-accordion-content\" style=\"display:none;\">\n<p>1. Lograr que los seres humanos descubran el campeon que llevan dentro, para encontrale sentido a la existencia e iniciar una segunda oportunidad de vida con proposito.<\/p>\n<p>2. Lograr que cada individuo se ame asi mismo para que utilice al maximo sus habilidades y capacidades para desarrollar libremente la creatividad y salir de un ambiente subyugado.<\/p>\n<p>3. Lograr que los seres humanos se sientan respetados, como obras maestras en la vida que excoja.<\/p>\n<p>4. Enfocar los pensamientos de uno mismo sobre cualquier meta con sentimientos de entusiasmo o gratitud.<\/p>\n<p>5. Asegurar que en cada seminario o conferencia, el asistente salga con una mente abierta a todas las posibilidades para realizar sus sue\u00f1os.<\/p>\n<\/div><\/div>\n","protected":false},"excerpt":{"rendered":"<p>COMO NACE LA FUNDACION? Despues de un intento contra mi vida, Dios me da una segunda oportunidad para cumplir con el plan perfecto que habia dise\u00f1ado para mi. En mi profundo deseo de descubrir para que nac\u00ed, encontr\u00e9 la razon de mi existir, un prop\u00f3sito de vida con un testimonio sencillo y apasionante. Entre dos filosofias de vida abr\u00ed los ojos hacia mi interior y conoc\u00ed el valor de un ser humano maravilloso que vivi\u00f3 en las tinieblas por muchos&hellip;<\/p>\n","protected":false},"author":2,"featured_media":0,"parent":0,"menu_order":2,"comment_status":"closed","ping_status":"closed","template":"","meta":{"footnotes":""},"class_list":["post-69","page","type-page","status-publish","hentry"],"a3_pvc":{"activated":false,"total_views":0,"today_views":0},"_links":{"self":[{"href":"https:\/\/suicidepreventionhouston.org\/es\/wp-json\/wp\/v2\/pages\/69","targetHints":{"allow":["GET"]}}],"collection":[{"href":"https:\/\/suicidepreventionhouston.org\/es\/wp-json\/wp\/v2\/pages"}],"about":[{"href":"https:\/\/suicidepreventionhouston.org\/es\/wp-json\/wp\/v2\/types\/page"}],"author":[{"embeddable":true,"href":"https:\/\/suicidepreventionhouston.org\/es\/wp-json\/wp\/v2\/users\/2"}],"replies":[{"embeddable":true,"href":"https:\/\/suicidepreventionhouston.org\/es\/wp-json\/wp\/v2\/comments?post=69"}],"version-history":[{"count":8,"href":"https:\/\/suicidepreventionhouston.org\/es\/wp-json\/wp\/v2\/pages\/69\/revisions"}],"predecessor-version":[{"id":3732,"href":"https:\/\/suicidepreventionhouston.org\/es\/wp-json\/wp\/v2\/pages\/69\/revisions\/3732"}],"wp:attachment":[{"href":"https:\/\/suicidepreventionhouston.org\/es\/wp-json\/wp\/v2\/media?parent=69"}],"curies":[{"name":"wp","href":"https:\/\/api.w.org\/{rel}","templated":true}]}}